{"id":2,"date":"2023-11-30T21:58:26","date_gmt":"2023-12-01T00:58:26","guid":{"rendered":"http:\/\/ocai9.com.br\/?page_id=2"},"modified":"2024-10-28T00:12:51","modified_gmt":"2024-10-28T03:12:51","slug":"sobre","status":"publish","type":"page","link":"https:\/\/ocai9.com.br\/?page_id=2","title":{"rendered":"Sobre"},"content":{"rendered":"\n<p>A Ocai9 \u00e9 uma empresa de consultoria e treinamento empresarial que ajuda as empresas e institui\u00e7\u00f5es a transformar a maneira como pensam e aplicam inova\u00e7\u00e3o. Atuamos de forma personalizada em todos os tipos de empresas e setores. Nossa paix\u00e3o \u00e9 conectar pessoas e criar solu\u00e7\u00f5es inovadoras para os desafios do mercado.<\/p>\n\n\n\n<blockquote class=\"wp-block-quote\">\n<p>Em tudo que fazemos, adotamos uma abordagem criativa e \u00e1gil, fundamentada no design estrat\u00e9gico, design thinking, ferramentas visuais e m\u00e9todos \u00e1geis para ativar a intelig\u00eancia coletiva e estimular a colabora\u00e7\u00e3o em busca de solu\u00e7\u00f5es para problemas reais.<\/p>\n<\/blockquote>\n\n\n\n<blockquote class=\"wp-block-quote\"><\/blockquote>\n\n\n\n<p>Nossos servi\u00e7os entregam resultados concretos, unindo prop\u00f3sito e valor, integrando o foco nas pessoas com estrat\u00e9gias de mercado para gerar valor duradouro para as empresas e institui\u00e7\u00f5es.<\/p>\n","protected":false},"excerpt":{"rendered":"<p>A Ocai9 \u00e9 uma empresa de consultoria e treinamento empresarial que ajuda as empresas e institui\u00e7\u00f5es a transformar a maneira como pensam e aplicam inova\u00e7\u00e3o. Atuamos de forma personalizada em todos os tipos de empresas e setores. Nossa paix\u00e3o \u00e9 conectar pessoas e criar solu\u00e7\u00f5es inovadoras para os desafios do mercado. Em tudo que fazemos, [&hellip;]<\/p>\n","protected":false},"author":1,"featured_media":0,"parent":0,"menu_order":0,"comment_status":"closed","ping_status":"closed","template":"","meta":{"saved_in_kubio":true,"_monsterinsights_skip_tracking":false,"_monsterinsights_sitenote_active":false,"_monsterinsights_sitenote_note":"","_monsterinsights_sitenote_category":0,"footnotes":""},"aioseo_notices":[],"kubio_ai_page_context":{"short_desc":"","purpose":"general"},"_links":{"self":[{"href":"https:\/\/ocai9.com.br\/index.php?rest_route=\/wp\/v2\/pages\/2"}],"collection":[{"href":"https:\/\/ocai9.com.br\/index.php?rest_route=\/wp\/v2\/pages"}],"about":[{"href":"https:\/\/ocai9.com.br\/index.php?rest_route=\/wp\/v2\/types\/page"}],"author":[{"embeddable":true,"href":"https:\/\/ocai9.com.br\/index.php?rest_route=\/wp\/v2\/users\/1"}],"replies":[{"embeddable":true,"href":"https:\/\/ocai9.com.br\/index.php?rest_route=%2Fwp%2Fv2%2Fcomments&post=2"}],"version-history":[{"count":2,"href":"https:\/\/ocai9.com.br\/index.php?rest_route=\/wp\/v2\/pages\/2\/revisions"}],"predecessor-version":[{"id":160,"href":"https:\/\/ocai9.com.br\/index.php?rest_route=\/wp\/v2\/pages\/2\/revisions\/160"}],"wp:attachment":[{"href":"https:\/\/ocai9.com.br\/index.php?rest_route=%2Fwp%2Fv2%2Fmedia&parent=2"}],"curies":[{"name":"wp","href":"https:\/\/api.w.org\/{rel}","templated":true}]}}